{"id":7464,"date":"2024-06-12T18:36:32","date_gmt":"2024-06-12T16:36:32","guid":{"rendered":"https:\/\/www.belleepoquelakecomo.it\/gallery-2023\/"},"modified":"2024-06-24T23:17:47","modified_gmt":"2024-06-24T21:17:47","slug":"gallery-2023","status":"publish","type":"page","link":"https:\/\/www.belleepoquelakecomo.it\/de\/gallery\/gallery-2023\/","title":{"rendered":"Gallery &#8211; 2023"},"content":{"rendered":"<p>[et_pb_section fb_built=&#8220;1&#8243; admin_label=&#8220;Titolo &#8211; Rassegna Stampa&#8220; _builder_version=&#8220;4.24.0&#8243; _module_preset=&#8220;default&#8220; background_image=&#8220;https:\/\/www.belleepoquelakecomo.it\/wp-content\/uploads\/2024\/02\/IMG-20230619-WA0267.jpg&#8220; background_enable_mask_style=&#8220;on&#8220; background_mask_style=&#8220;arch&#8220; background_mask_aspect_ratio=&#8220;portrait&#8220; background_mask_blend_mode=&#8220;lighten&#8220; custom_margin=&#8220;||-59px|||&#8220; top_divider_style=&#8220;waves2&#8243; top_divider_color=&#8220;RGBA(255,255,255,0)&#8220; background_last_edited=&#8220;on|phone&#8220; background_enable_mask_style_phone=&#8220;off&#8220; global_colors_info=&#8220;{}&#8220;][et_pb_row _builder_version=&#8220;4.24.0&#8243; custom_margin=&#8220;70px||||false|false&#8220; custom_padding=&#8220;0px||||false|false&#8220; locked=&#8220;off&#8220; global_colors_info=&#8220;{}&#8220;][et_pb_column type=&#8220;4_4&#8243; _builder_version=&#8220;4.16&#8243; custom_padding=&#8220;|||&#8220; global_colors_info=&#8220;{}&#8220; custom_padding__hover=&#8220;|||&#8220;][et_pb_text content_tablet=&#8220;<\/p>\n<h1>Gallery<\/h1>\n<p>&#8220; content_phone=&#8220;<\/p>\n<h1 style=%22text-align: center;%22>Gallery<\/h1>\n<p>&#8220; content_last_edited=&#8220;on|phone&#8220; admin_label=&#8220;Subheading&#8220; _builder_version=&#8220;4.24.0&#8243; text_font=&#8220;Cormorant Garamond||||||||&#8220; text_font_size=&#8220;1px&#8220; text_line_height=&#8220;1.8em&#8220; link_font=&#8220;||||||||&#8220; ul_font=&#8220;||||||||&#8220; header_font=&#8220;Cormorant Garamond||||||||&#8220; header_text_align=&#8220;left&#8220; header_font_size=&#8220;72px&#8220; header_letter_spacing=&#8220;3px&#8220; header_line_height=&#8220;1.5em&#8220; header_2_font=&#8220;||||||||&#8220; header_3_font=&#8220;||||||||&#8220; header_3_font_size=&#8220;45px&#8220; header_3_line_height=&#8220;1.5em&#8220; header_4_font=&#8220;||||||||&#8220; header_5_font=&#8220;Poppins|700||on|||||&#8220; header_5_text_color=&#8220;#ecd5c5&#8243; header_5_letter_spacing=&#8220;15px&#8220; header_5_line_height=&#8220;1.8em&#8220; max_width=&#8220;938px&#8220; max_width_tablet=&#8220;100%&#8220; max_width_phone=&#8220;100%&#8220; max_width_last_edited=&#8220;off|desktop&#8220; module_alignment=&#8220;center&#8220; min_height=&#8220;76.5px&#8220; custom_padding=&#8220;0px||||false|false&#8220; header_font_tablet=&#8220;Cormorant Garamond||||||||&#8220; header_font_phone=&#8220;Cormorant Garamond||||||||&#8220; header_font_last_edited=&#8220;on|phone&#8220; background_color_phone=&#8220;rgba(255,255,255,0.83)&#8220; background_last_edited=&#8220;on|phone&#8220; background_enable_color_phone=&#8220;on&#8220; locked=&#8220;off&#8220; global_colors_info=&#8220;{}&#8220;]<\/p>\n<h1 style=\"text-align: left;\">Gallery 2023<\/h1>\n<p>[\/et_pb_text][\/et_pb_column][\/et_pb_row][\/et_pb_section][et_pb_section fb_built=&#8220;1&#8243; _builder_version=&#8220;4.24.0&#8243; _module_preset=&#8220;default&#8220; background_color=&#8220;rgba(116,158,193,0.58)&#8220; custom_margin=&#8220;80px||||false|false&#8220; custom_padding=&#8220;0px||0px||false|false&#8220; global_colors_info=&#8220;{}&#8220;][et_pb_row _builder_version=&#8220;4.24.0&#8243; _module_preset=&#8220;default&#8220; global_colors_info=&#8220;{}&#8220;][et_pb_column type=&#8220;4_4&#8243; _builder_version=&#8220;4.24.0&#8243; _module_preset=&#8220;default&#8220; global_colors_info=&#8220;{}&#8220;][et_pb_text _builder_version=&#8220;4.24.0&#8243; _module_preset=&#8220;default&#8220; text_font=&#8220;Poppins|||on|||||&#8220; text_font_size=&#8220;20px&#8220; text_letter_spacing=&#8220;5px&#8220; text_line_height=&#8220;1em&#8220; global_colors_info=&#8220;{}&#8220;]<\/p>\n<p>Foto und Video<\/p>\n<p>[\/et_pb_text][\/et_pb_column][\/et_pb_row][\/et_pb_section][et_pb_section fb_built=&#8220;1&#8243; _builder_version=&#8220;4.16&#8243; min_height=&#8220;908px&#8220; custom_margin=&#8220;-5px|||||&#8220; global_colors_info=&#8220;{}&#8220;][et_pb_row _builder_version=&#8220;4.25.2&#8243; _module_preset=&#8220;default&#8220; hover_enabled=&#8220;0&#8243; global_colors_info=&#8220;{}&#8220; custom_margin=&#8220;-30px||||false|false&#8220; sticky_enabled=&#8220;0&#8243;][et_pb_column type=&#8220;4_4&#8243; _builder_version=&#8220;4.24.0&#8243; _module_preset=&#8220;default&#8220; global_colors_info=&#8220;{}&#8220;][et_pb_text _builder_version=&#8220;4.25.2&#8243; _module_preset=&#8220;default&#8220; hover_enabled=&#8220;0&#8243; global_colors_info=&#8220;{}&#8220; sticky_enabled=&#8220;0&#8243;]<\/p>\n<p>Nachfolgend finden Sie eine Auswahl von Fotos, die am 18. Juni 2023 in Colico w\u00e4hrend der ersten Ausgabe der Belle \u00c9poque am Comer See aufgenommen wurden. <br \/>Vielen Dank f\u00fcr die Fotos: <strong>Ortensio Olivo<\/strong>, <strong>Giancarlo Roman<\/strong> und <strong>Fulvio Songini.<\/strong><\/p>\n<p>Das Video der Ausgabe 2023 wurde in Freundschaft von <strong>Elisa Bruno<\/strong> mit der Musik von \u201e<a href=\"https:\/\/www.nadiabraito.com\/index.php\/en\/projects-and-news\/manoucherie\">Manoucherie<\/a>\u201c erstellt, die uns tags\u00fcber in Colico live begleitete.<\/p>\n<p>[\/et_pb_text][\/et_pb_column][\/et_pb_row][et_pb_row column_structure=&#8220;1_3,1_3,1_3&#8243; _builder_version=&#8220;4.25.2&#8243; custom_padding=&#8220;60px|0px|60px|0px|true|false&#8220; hover_enabled=&#8220;0&#8243; global_colors_info=&#8220;{}&#8220; custom_margin=&#8220;-45px||||false|false&#8220; sticky_enabled=&#8220;0&#8243;][et_pb_column type=&#8220;1_3&#8243; _builder_version=&#8220;4.16&#8243; custom_padding=&#8220;|||&#8220; global_colors_info=&#8220;{}&#8220; custom_padding__hover=&#8220;|||&#8220;][et_pb_blurb title=&#8220;Auto&#8220; image=&#8220;https:\/\/www.belleepoquelakecomo.it\/wp-content\/uploads\/2024\/02\/Auto.jpg&#8220; _builder_version=&#8220;4.24.0&#8243; _dynamic_attributes=&#8220;link_option_url&#8220; header_font=&#8220;Cormorant Garamond||||||||&#8220; header_font_size=&#8220;30px&#8220; header_line_height=&#8220;1.5em&#8220; body_font=&#8220;Cormorant Garamond||||||||&#8220; body_font_size=&#8220;20px&#8220; body_line_height=&#8220;1.8em&#8220; text_orientation=&#8220;center&#8220; animation_style=&#8220;fade&#8220; animation=&#8220;off&#8220; link_option_url=&#8220;@ET-DC@eyJkeW5hbWljIjp0cnVlLCJjb250ZW50IjoicG9zdF9saW5rX3VybF9wYWdlIiwic2V0dGluZ3MiOnsicG9zdF9pZCI6IjI4MyJ9fQ==@&#8220; border_width_all_image=&#8220;10px&#8220; border_color_all_image=&#8220;#ffffff&#8220; box_shadow_style_image=&#8220;preset5&#8243; box_shadow_vertical_image=&#8220;0px&#8220; box_shadow_spread_image=&#8220;1px&#8220; box_shadow_color_image=&#8220;#c4beb9&#8243; global_colors_info=&#8220;{}&#8220;][\/et_pb_blurb][et_pb_blurb title=&#8220;Menschen&#8220; image=&#8220;https:\/\/www.belleepoquelakecomo.it\/wp-content\/uploads\/2024\/02\/BelleEpoque_Persone_90.jpg&#8220; _builder_version=&#8220;4.24.0&#8243; _dynamic_attributes=&#8220;link_option_url&#8220; header_font=&#8220;Cormorant Garamond||||||||&#8220; header_font_size=&#8220;30px&#8220; header_line_height=&#8220;1.5em&#8220; body_font=&#8220;Cormorant Garamond||||||||&#8220; body_font_size=&#8220;20px&#8220; body_line_height=&#8220;1.8em&#8220; image_icon_custom_margin=&#8220;0px||||false|false&#8220; image_icon_custom_padding=&#8220;9px||16px||false|false&#8220; text_orientation=&#8220;center&#8220; animation_style=&#8220;fade&#8220; animation=&#8220;off&#8220; link_option_url=&#8220;@ET-DC@eyJkeW5hbWljIjp0cnVlLCJjb250ZW50IjoicG9zdF9saW5rX3VybF9wYWdlIiwic2V0dGluZ3MiOnsicG9zdF9pZCI6IjM5NyJ9fQ==@&#8220; border_width_all_image=&#8220;10px&#8220; border_color_all_image=&#8220;#ffffff&#8220; box_shadow_style_image=&#8220;preset5&#8243; box_shadow_vertical_image=&#8220;0px&#8220; box_shadow_spread_image=&#8220;1px&#8220; box_shadow_color_image=&#8220;#c4beb9&#8243; global_colors_info=&#8220;{}&#8220;][\/et_pb_blurb][\/et_pb_column][et_pb_column type=&#8220;1_3&#8243; _builder_version=&#8220;4.16&#8243; custom_padding=&#8220;|||&#8220; global_colors_info=&#8220;{}&#8220; custom_padding__hover=&#8220;|||&#8220;][et_pb_blurb title=&#8220;Motorrad&#8220; image=&#8220;https:\/\/www.belleepoquelakecomo.it\/wp-content\/uploads\/2024\/02\/Moto.jpg&#8220; _builder_version=&#8220;4.24.0&#8243; _dynamic_attributes=&#8220;link_option_url&#8220; header_font=&#8220;Cormorant Garamond||||||||&#8220; header_font_size=&#8220;30px&#8220; header_line_height=&#8220;1.5em&#8220; body_font=&#8220;Cormorant Garamond||||||||&#8220; body_font_size=&#8220;20px&#8220; body_line_height=&#8220;1.8em&#8220; text_orientation=&#8220;center&#8220; animation_style=&#8220;fade&#8220; animation_delay=&#8220;200ms&#8220; animation=&#8220;off&#8220; link_option_url=&#8220;@ET-DC@eyJkeW5hbWljIjp0cnVlLCJjb250ZW50IjoicG9zdF9saW5rX3VybF9wYWdlIiwic2V0dGluZ3MiOnsicG9zdF9pZCI6IjYzOCJ9fQ==@&#8220; border_width_all_image=&#8220;10px&#8220; border_color_all_image=&#8220;#ffffff&#8220; box_shadow_style_image=&#8220;preset5&#8243; box_shadow_vertical_image=&#8220;0px&#8220; box_shadow_spread_image=&#8220;1px&#8220; box_shadow_color_image=&#8220;#c4beb9&#8243; locked=&#8220;off&#8220; global_colors_info=&#8220;{}&#8220;][\/et_pb_blurb][et_pb_blurb title=&#8220;Hinter den Kulissen&#8220; image=&#8220;https:\/\/www.belleepoquelakecomo.it\/wp-content\/uploads\/2024\/02\/Dietro_le_quinte.jpg&#8220; _builder_version=&#8220;4.24.0&#8243; _dynamic_attributes=&#8220;link_option_url&#8220; header_font=&#8220;Cormorant Garamond||||||||&#8220; header_font_size=&#8220;30px&#8220; header_line_height=&#8220;1.5em&#8220; body_font=&#8220;Cormorant Garamond||||||||&#8220; body_font_size=&#8220;20px&#8220; body_line_height=&#8220;1.8em&#8220; text_orientation=&#8220;center&#8220; animation_style=&#8220;fade&#8220; animation_delay=&#8220;200ms&#8220; animation=&#8220;off&#8220; link_option_url=&#8220;@ET-DC@eyJkeW5hbWljIjp0cnVlLCJjb250ZW50IjoicG9zdF9saW5rX3VybF9wYWdlIiwic2V0dGluZ3MiOnsicG9zdF9pZCI6IjUyNSJ9fQ==@&#8220; border_width_all_image=&#8220;10px&#8220; border_color_all_image=&#8220;#ffffff&#8220; box_shadow_style_image=&#8220;preset5&#8243; box_shadow_vertical_image=&#8220;0px&#8220; box_shadow_spread_image=&#8220;1px&#8220; box_shadow_color_image=&#8220;#c4beb9&#8243; locked=&#8220;off&#8220; global_colors_info=&#8220;{}&#8220;][\/et_pb_blurb][\/et_pb_column][et_pb_column type=&#8220;1_3&#8243; _builder_version=&#8220;4.16&#8243; custom_padding=&#8220;|||&#8220; global_colors_info=&#8220;{}&#8220; custom_padding__hover=&#8220;|||&#8220;][et_pb_blurb title=&#8220;Beiwagen&#8220; image=&#8220;https:\/\/www.belleepoquelakecomo.it\/wp-content\/uploads\/2024\/02\/Sidecar.jpg&#8220; _builder_version=&#8220;4.24.0&#8243; _dynamic_attributes=&#8220;link_option_url&#8220; header_font=&#8220;Cormorant Garamond||||||||&#8220; header_font_size=&#8220;30px&#8220; header_line_height=&#8220;1.5em&#8220; body_font=&#8220;Cormorant Garamond||||||||&#8220; body_font_size=&#8220;20px&#8220; body_line_height=&#8220;1.8em&#8220; text_orientation=&#8220;center&#8220; animation_style=&#8220;fade&#8220; animation_delay=&#8220;400ms&#8220; animation=&#8220;off&#8220; link_option_url=&#8220;@ET-DC@eyJkeW5hbWljIjp0cnVlLCJjb250ZW50IjoicG9zdF9saW5rX3VybF9wYWdlIiwic2V0dGluZ3MiOnsicG9zdF9pZCI6IjYwMiJ9fQ==@&#8220; border_width_all_image=&#8220;10px&#8220; border_color_all_image=&#8220;#ffffff&#8220; box_shadow_style_image=&#8220;preset5&#8243; box_shadow_vertical_image=&#8220;0px&#8220; box_shadow_spread_image=&#8220;1px&#8220; box_shadow_color_image=&#8220;#c4beb9&#8243; locked=&#8220;off&#8220; global_colors_info=&#8220;{}&#8220;][\/et_pb_blurb][et_pb_blurb title=&#8220;Auszeichnungen&#8220; image=&#8220;https:\/\/www.belleepoquelakecomo.it\/wp-content\/uploads\/2024\/02\/Premiazioni.jpg&#8220; _builder_version=&#8220;4.24.0&#8243; _dynamic_attributes=&#8220;link_option_url&#8220; header_font=&#8220;Cormorant Garamond||||||||&#8220; header_font_size=&#8220;30px&#8220; header_line_height=&#8220;1.5em&#8220; body_font=&#8220;Cormorant Garamond||||||||&#8220; body_font_size=&#8220;20px&#8220; body_line_height=&#8220;1.8em&#8220; text_orientation=&#8220;center&#8220; custom_padding=&#8220;|||1px||&#8220; animation_style=&#8220;fade&#8220; animation_delay=&#8220;400ms&#8220; animation=&#8220;off&#8220; link_option_url=&#8220;@ET-DC@eyJkeW5hbWljIjp0cnVlLCJjb250ZW50IjoicG9zdF9saW5rX3VybF9wYWdlIiwic2V0dGluZ3MiOnsicG9zdF9pZCI6IjU0NyJ9fQ==@&#8220; border_width_all_image=&#8220;10px&#8220; border_color_all_image=&#8220;#ffffff&#8220; box_shadow_style_image=&#8220;preset5&#8243; box_shadow_vertical_image=&#8220;0px&#8220; box_shadow_spread_image=&#8220;1px&#8220; box_shadow_color_image=&#8220;#c4beb9&#8243; locked=&#8220;off&#8220; global_colors_info=&#8220;{}&#8220;][\/et_pb_blurb][\/et_pb_column][\/et_pb_row][et_pb_row _builder_version=&#8220;4.25.2&#8243; _module_preset=&#8220;default&#8220; border_width_all=&#8220;1px&#8220; border_color_all=&#8220;rgba(0,0,0,0.44)&#8220; hover_enabled=&#8220;0&#8243; sticky_enabled=&#8220;0&#8243; custom_padding=&#8220;10px|10px|10px|10px|false|false&#8220; custom_margin=&#8220;||0px||false|false&#8220;][et_pb_column _builder_version=&#8220;4.25.2&#8243; _module_preset=&#8220;default&#8220; type=&#8220;4_4&#8243;][et_pb_video_slider _builder_version=&#8220;4.25.2&#8243; _module_preset=&#8220;default&#8220; border_color_all=&#8220;#000000&#8243; hover_enabled=&#8220;0&#8243; sticky_enabled=&#8220;0&#8243;][et_pb_video_slider_item src=&#8220;https:\/\/youtu.be\/LMsfnjKqC4E&#8220; _builder_version=&#8220;4.25.2&#8243; _module_preset=&#8220;default&#8220; show_image_overlay=&#8220;off&#8220; hover_enabled=&#8220;0&#8243; sticky_enabled=&#8220;0&#8243;][\/et_pb_video_slider_item][\/et_pb_video_slider][\/et_pb_column][\/et_pb_row][et_pb_row _builder_version=&#8220;4.24.0&#8243; _module_preset=&#8220;default&#8220; global_colors_info=&#8220;{}&#8220;][et_pb_column type=&#8220;4_4&#8243; _builder_version=&#8220;4.24.0&#8243; _module_preset=&#8220;default&#8220; global_colors_info=&#8220;{}&#8220;][et_pb_icon font_icon=&#8220;&#x48;||divi||400&#8243; icon_width=&#8220;42px&#8220; url=&#8220;@ET-DC@eyJkeW5hbWljIjp0cnVlLCJjb250ZW50IjoicG9zdF9saW5rX3VybF9wYWdlIiwic2V0dGluZ3MiOnsicG9zdF9pZCI6IjEwNiJ9fQ==@&#8220; _builder_version=&#8220;4.24.0&#8243; _dynamic_attributes=&#8220;url&#8220; _module_preset=&#8220;default&#8220; custom_margin=&#8220;||||false|false&#8220; custom_padding=&#8220;||||false|false&#8220; global_colors_info=&#8220;{}&#8220;][\/et_pb_icon][\/et_pb_column][\/et_pb_row][\/et_pb_section]<\/p>\n","protected":false},"excerpt":{"rendered":"<p>Gallery 2023Foto und VideoNachfolgend finden Sie eine Auswahl von Fotos, die am 18. Juni 2023 in Colico w\u00e4hrend der ersten Ausgabe der Belle \u00c9poque am Comer See aufgenommen wurden. Vielen Dank f\u00fcr die Fotos: Ortensio Olivo, Giancarlo Roman und Fulvio Songini. Das Video der Ausgabe 2023 wurde in Freundschaft von Elisa Bruno mit der Musik [&hellip;]<\/p>\n","protected":false},"author":2,"featured_media":0,"parent":7460,"menu_order":0,"comment_status":"closed","ping_status":"closed","template":"","meta":{"_et_pb_use_builder":"on","_et_pb_old_content":"","_et_gb_content_width":"","footnotes":""},"class_list":["post-7464","page","type-page","status-publish","hentry"],"_links":{"self":[{"href":"https:\/\/www.belleepoquelakecomo.it\/de\/wp-json\/wp\/v2\/pages\/7464","targetHints":{"allow":["GET"]}}],"collection":[{"href":"https:\/\/www.belleepoquelakecomo.it\/de\/wp-json\/wp\/v2\/pages"}],"about":[{"href":"https:\/\/www.belleepoquelakecomo.it\/de\/wp-json\/wp\/v2\/types\/page"}],"author":[{"embeddable":true,"href":"https:\/\/www.belleepoquelakecomo.it\/de\/wp-json\/wp\/v2\/users\/2"}],"replies":[{"embeddable":true,"href":"https:\/\/www.belleepoquelakecomo.it\/de\/wp-json\/wp\/v2\/comments?post=7464"}],"version-history":[{"count":3,"href":"https:\/\/www.belleepoquelakecomo.it\/de\/wp-json\/wp\/v2\/pages\/7464\/revisions"}],"predecessor-version":[{"id":7467,"href":"https:\/\/www.belleepoquelakecomo.it\/de\/wp-json\/wp\/v2\/pages\/7464\/revisions\/7467"}],"up":[{"embeddable":true,"href":"https:\/\/www.belleepoquelakecomo.it\/de\/wp-json\/wp\/v2\/pages\/7460"}],"wp:attachment":[{"href":"https:\/\/www.belleepoquelakecomo.it\/de\/wp-json\/wp\/v2\/media?parent=7464"}],"curies":[{"name":"wp","href":"https:\/\/api.w.org\/{rel}","templated":true}]}}